{"id":818,"date":"2025-07-30T16:16:17","date_gmt":"2025-07-30T16:16:17","guid":{"rendered":"http:\/\/www.fonaprace.andifes.org.br\/site\/?page_id=818"},"modified":"2025-10-21T17:40:28","modified_gmt":"2025-10-21T17:40:28","slug":"portarias","status":"publish","type":"page","link":"https:\/\/www.fonaprace.andifes.org.br\/site\/index.php\/portarias\/","title":{"rendered":"Portarias"},"content":{"rendered":"\n<p><a href=\"http:\/\/www.fonaprace.andifes.org.br\/site\/wp-content\/uploads\/2025\/10\/Portaria_FONAPRACE_002_2025_-_Composicao_do_GT_pro_Forum_Colegio_de_Acoes_Afirmativas_da_Andifes.pdf\">PORTARIA N\u00ba 002\/2025<\/a> &#8211; Nomear as\/os membras\/os do Grupo de Trabalho institu\u00eddo para a elabora\u00e7\u00e3o da Proposta de cria\u00e7\u00e3o do F\u00f3rum ou Col\u00e9gio de Pr\u00f3-Reitoras\/es e Dirigentes das A\u00e7\u00f5es Afirmativas das Institui\u00e7\u00f5es Federais de Ensino Superior, no \u00e2mbito da ANDIFES.<\/p>\n\n\n\n<p><a href=\"http:\/\/www.fonaprace.andifes.org.br\/site\/wp-content\/uploads\/2025\/10\/Portaria_FONAPRACE_001_2025_-_Composicao_do_OPAA.pdf\">PORTARIA N\u00ba 001\/2025<\/a> &#8211; Nomear as\/os membras\/os do Observat\u00f3rio das Pol\u00edticas de A\u00e7\u00f5es Afirmativas (OPAA)<\/p>\n\n\n\n<p><a href=\"http:\/\/www.fonaprace.andifes.org.br\/site\/wp-content\/uploads\/2025\/10\/Portaria_FONAPRACE_004_2024-Nomeac\u0327a\u0303o-das_os-membras_os-do-GT02_OPAE.pdf\">PORTARIA N\u00ba 004\/2024<\/a> &#8211; Nomear as\/os membras\/os do Grupo de Trabalho n. 02, que teve cria\u00e7\u00e3o aprovada na 4o reuni\u00e3o ordin\u00e1ria do Observat\u00f3rio de Pol\u00edticas de A\u00e7\u00f5es Afirmativas realizada no dia 19 de julho de 2024<\/p>\n\n\n\n<p><a href=\"http:\/\/www.fonaprace.andifes.org.br\/site\/wp-content\/uploads\/2025\/10\/Portaria_FONAPRACE_003_2024-Atualizac\u0327a\u0303o-da-Composic\u0327a\u0303o-do-OPAE-e-registro-da-Coordenac\u0327a\u0303o.pdf\">PORTARIA N\u00ba 003\/2024<\/a> &#8211; Atualizar a Portaria Fonaprace no 001\/2024 de nomea\u00e7\u00e3o das\/os membras\/os do Observat\u00f3rio de Pol\u00edticas de Assist\u00eancia Estudantil (OPAE)<\/p>\n\n\n\n<p><a href=\"http:\/\/www.fonaprace.andifes.org.br\/site\/wp-content\/uploads\/2025\/10\/Portaria_FONAPRACE_002_2024_-_Composicao_do_OPAA_assinado.pdf\">PORTARIA N\u00ba 002\/2024<\/a> &#8211; Nomear as\/os membras\/os do Observat\u00f3rio das Pol\u00edticas de A\u00e7\u00f5es Afirmativas(OPAA)<\/p>\n\n\n\n<p><a href=\"http:\/\/www.fonaprace.andifes.org.br\/site\/wp-content\/uploads\/2025\/10\/Portaria_FONAPRACE_001_2024_-_Composicao_do_OPAE_assinado.pdf\">PORTARIA N\u00ba 001\/2024<\/a> &#8211; Nomear as\/os membras\/os do Observat\u00f3rio das Pol\u00edticas de Assist\u00eancia Estudantil (OPAE)<\/p>\n","protected":false},"excerpt":{"rendered":"<p>PORTARIA N\u00ba 002\/2025 &#8211; Nomear as\/os membras\/os do Grupo de Trabalho institu\u00eddo para a elabora\u00e7\u00e3o da Proposta de cria\u00e7\u00e3o do F\u00f3rum ou Col\u00e9gio de Pr\u00f3-Reitoras\/es e Dirigentes das A\u00e7\u00f5es Afirmativas das Institui\u00e7\u00f5es Federais de Ensino Superior, no \u00e2mbito da ANDIFES. PORTARIA N\u00ba 001\/2025 &#8211; Nomear as\/os membras\/os do Observat\u00f3rio das Pol\u00edticas de A\u00e7\u00f5es Afirmativas (OPAA) [&hellip;]<\/p>\n","protected":false},"author":6,"featured_media":0,"parent":0,"menu_order":0,"comment_status":"closed","ping_status":"closed","template":"","meta":{"footnotes":""},"class_list":["post-818","page","type-page","status-publish","hentry"],"_links":{"self":[{"href":"https:\/\/www.fonaprace.andifes.org.br\/site\/index.php\/wp-json\/wp\/v2\/pages\/818","targetHints":{"allow":["GET"]}}],"collection":[{"href":"https:\/\/www.fonaprace.andifes.org.br\/site\/index.php\/wp-json\/wp\/v2\/pages"}],"about":[{"href":"https:\/\/www.fonaprace.andifes.org.br\/site\/index.php\/wp-json\/wp\/v2\/types\/page"}],"author":[{"embeddable":true,"href":"https:\/\/www.fonaprace.andifes.org.br\/site\/index.php\/wp-json\/wp\/v2\/users\/6"}],"replies":[{"embeddable":true,"href":"https:\/\/www.fonaprace.andifes.org.br\/site\/index.php\/wp-json\/wp\/v2\/comments?post=818"}],"version-history":[{"count":9,"href":"https:\/\/www.fonaprace.andifes.org.br\/site\/index.php\/wp-json\/wp\/v2\/pages\/818\/revisions"}],"predecessor-version":[{"id":877,"href":"https:\/\/www.fonaprace.andifes.org.br\/site\/index.php\/wp-json\/wp\/v2\/pages\/818\/revisions\/877"}],"wp:attachment":[{"href":"https:\/\/www.fonaprace.andifes.org.br\/site\/index.php\/wp-json\/wp\/v2\/media?parent=818"}],"curies":[{"name":"wp","href":"https:\/\/api.w.org\/{rel}","templated":true}]}}