{"id":657,"date":"2019-08-20T17:38:32","date_gmt":"2019-08-20T17:38:32","guid":{"rendered":"http:\/\/www.fonaprace.andifes.org.br\/site\/?page_id=657"},"modified":"2019-08-20T18:03:04","modified_gmt":"2019-08-20T18:03:04","slug":"convocacoes","status":"publish","type":"page","link":"https:\/\/www.fonaprace.andifes.org.br\/site\/index.php\/documentos\/convocacoes\/","title":{"rendered":"Convoca\u00e7\u00f5es"},"content":{"rendered":"<ul>\n<li><a href=\"http:\/\/www.fonaprace.andifes.org.br\/site\/wp-content\/uploads\/2019\/08\/conv-1_page-0001-1.pdf\">2\u00aa Reuni\u00e3o Ordin\u00e1ria do Conselho de Coordenadores &#8211; 21\/08\/2019<\/a><\/li>\n<li><a href=\"http:\/\/www.fonaprace.andifes.org.br\/site\/wp-content\/uploads\/2019\/08\/conv-2_page-0001.pdf\">Convoca\u00e7\u00e3o para Reuni\u00f5es de Trabalho &#8211; 20 e 21\/08\/2019<\/a><\/li>\n<li><a href=\"http:\/\/www.fonaprace.andifes.org.br\/site\/wp-content\/uploads\/2019\/08\/FONAPRACE-CONVOCATORIA-da-2\u00aa-Reuniao-Nacional-.pdf\">2\u00aa Reuni\u00e3o Ordin\u00e1ria do Pleno do F\u00f3rum Nacional dos Pr\u00f3-Reitores de Assuntos Estudantis &#8211; 30 e 31\/10\/2019<\/a><\/li>\n<\/ul>\n","protected":false},"excerpt":{"rendered":"<p>2\u00aa Reuni\u00e3o Ordin\u00e1ria do Conselho de Coordenadores &#8211; 21\/08\/2019 Convoca\u00e7\u00e3o para Reuni\u00f5es de Trabalho &#8211; 20 e 21\/08\/2019 2\u00aa Reuni\u00e3o Ordin\u00e1ria do Pleno do F\u00f3rum Nacional dos Pr\u00f3-Reitores de Assuntos Estudantis &#8211; 30 e 31\/10\/2019<\/p>\n","protected":false},"author":6,"featured_media":0,"parent":109,"menu_order":6,"comment_status":"closed","ping_status":"closed","template":"","meta":{"footnotes":""},"class_list":["post-657","page","type-page","status-publish","hentry"],"_links":{"self":[{"href":"https:\/\/www.fonaprace.andifes.org.br\/site\/index.php\/wp-json\/wp\/v2\/pages\/657","targetHints":{"allow":["GET"]}}],"collection":[{"href":"https:\/\/www.fonaprace.andifes.org.br\/site\/index.php\/wp-json\/wp\/v2\/pages"}],"about":[{"href":"https:\/\/www.fonaprace.andifes.org.br\/site\/index.php\/wp-json\/wp\/v2\/types\/page"}],"author":[{"embeddable":true,"href":"https:\/\/www.fonaprace.andifes.org.br\/site\/index.php\/wp-json\/wp\/v2\/users\/6"}],"replies":[{"embeddable":true,"href":"https:\/\/www.fonaprace.andifes.org.br\/site\/index.php\/wp-json\/wp\/v2\/comments?post=657"}],"version-history":[{"count":5,"href":"https:\/\/www.fonaprace.andifes.org.br\/site\/index.php\/wp-json\/wp\/v2\/pages\/657\/revisions"}],"predecessor-version":[{"id":671,"href":"https:\/\/www.fonaprace.andifes.org.br\/site\/index.php\/wp-json\/wp\/v2\/pages\/657\/revisions\/671"}],"up":[{"embeddable":true,"href":"https:\/\/www.fonaprace.andifes.org.br\/site\/index.php\/wp-json\/wp\/v2\/pages\/109"}],"wp:attachment":[{"href":"https:\/\/www.fonaprace.andifes.org.br\/site\/index.php\/wp-json\/wp\/v2\/media?parent=657"}],"curies":[{"name":"wp","href":"https:\/\/api.w.org\/{rel}","templated":true}]}}