{"id":370,"date":"2016-11-17T14:50:24","date_gmt":"2016-11-17T14:50:24","guid":{"rendered":"http:\/\/www.fonaprace.andifes.org.br\/site\/?page_id=370"},"modified":"2016-11-17T14:50:24","modified_gmt":"2016-11-17T14:50:24","slug":"foruns","status":"publish","type":"page","link":"https:\/\/www.fonaprace.andifes.org.br\/site\/index.php\/foruns\/","title":{"rendered":"F\u00f3runs"},"content":{"rendered":"<p>F\u00f3rum Nacional dos Pr\u00f3-Reitores de Assuntos Estudantis e Comunit\u00e1rios \u2013 25 Anos<br \/>\n<a style=\"line-height: 1.75;\" href=\"http:\/\/www.fonaprace.andifes.org.br\/site\/wp-content\/uploads\/2016\/05\/1_fc3b3rum-nacional-dos-prc3b3-reitores-de-assuntos-estudantis-e-comunitc3a1rios-25-anos3.pdf\" rel=\"\">PARTE 01<\/a>\u00a0&gt;\u00a0<a href=\"http:\/\/www.fonaprace.andifes.org.br\/site\/wp-content\/uploads\/2016\/05\/1_51_fc3b3rum-nacional-dos-prc3b3-reitores-de-assuntos-estudantis-e-comunitc3a1rios-25-anos3.pdf\" rel=\"\">PARTE 02<\/a>\u00a0&gt;\u00a0<a href=\"http:\/\/www.fonaprace.andifes.org.br\/site\/wp-content\/uploads\/2016\/05\/31_51_fc3b3rum-nacional-dos-prc3b3-reitores-de-assuntos-estudantis-e-comunitc3a1rios-25-anos3-1.pdf\" rel=\"\">PARTE 03<\/a><\/p>\n<p><a href=\"http:\/\/www.fonaprace.andifes.org.br\/site\/wp-content\/uploads\/2016\/05\/fc3b3rum-nacional-dos-prc3b3-reitores-de-assuntos-estudantis-e-comunitc3a1rios-20-anos3.pdf\" rel=\"\">F\u00f3rum Nacional dos Pr\u00f3-Reitores de Assuntos Estudantis e Comunit\u00e1rios \u2013 20 Anos<\/a><\/p>\n","protected":false},"excerpt":{"rendered":"<p>F\u00f3rum Nacional dos Pr\u00f3-Reitores de Assuntos Estudantis e Comunit\u00e1rios \u2013 25 Anos PARTE 01\u00a0&gt;\u00a0PARTE 02\u00a0&gt;\u00a0PARTE 03 F\u00f3rum Nacional dos Pr\u00f3-Reitores de Assuntos Estudantis e Comunit\u00e1rios \u2013 20 Anos<\/p>\n","protected":false},"author":1,"featured_media":0,"parent":0,"menu_order":0,"comment_status":"closed","ping_status":"closed","template":"","meta":{"footnotes":""},"class_list":["post-370","page","type-page","status-publish","hentry"],"_links":{"self":[{"href":"https:\/\/www.fonaprace.andifes.org.br\/site\/index.php\/wp-json\/wp\/v2\/pages\/370","targetHints":{"allow":["GET"]}}],"collection":[{"href":"https:\/\/www.fonaprace.andifes.org.br\/site\/index.php\/wp-json\/wp\/v2\/pages"}],"about":[{"href":"https:\/\/www.fonaprace.andifes.org.br\/site\/index.php\/wp-json\/wp\/v2\/types\/page"}],"author":[{"embeddable":true,"href":"https:\/\/www.fonaprace.andifes.org.br\/site\/index.php\/wp-json\/wp\/v2\/users\/1"}],"replies":[{"embeddable":true,"href":"https:\/\/www.fonaprace.andifes.org.br\/site\/index.php\/wp-json\/wp\/v2\/comments?post=370"}],"version-history":[{"count":1,"href":"https:\/\/www.fonaprace.andifes.org.br\/site\/index.php\/wp-json\/wp\/v2\/pages\/370\/revisions"}],"predecessor-version":[{"id":372,"href":"https:\/\/www.fonaprace.andifes.org.br\/site\/index.php\/wp-json\/wp\/v2\/pages\/370\/revisions\/372"}],"wp:attachment":[{"href":"https:\/\/www.fonaprace.andifes.org.br\/site\/index.php\/wp-json\/wp\/v2\/media?parent=370"}],"curies":[{"name":"wp","href":"https:\/\/api.w.org\/{rel}","templated":true}]}}