{"id":266,"date":"2016-06-08T14:42:59","date_gmt":"2016-06-08T14:42:59","guid":{"rendered":"http:\/\/www.fonaprace.andifes.org.br\/site\/?page_id=266"},"modified":"2016-07-06T13:11:38","modified_gmt":"2016-07-06T13:11:38","slug":"historico-gts","status":"publish","type":"page","link":"https:\/\/www.fonaprace.andifes.org.br\/site\/index.php\/historico-gts\/","title":{"rendered":"Hist\u00f3rico GTs"},"content":{"rendered":"<div><span style=\"font-family: georgia, serif;\">GT 1 &#8211; Assist\u00eancia Priorit\u00e1ria;\u00a0<\/span><\/div>\n<div>\u00a0<a href=\"http:\/\/www.fonaprace.andifes.org.br\/site\/wp-content\/uploads\/2016\/06\/s\u00edntese-Historica_GT_Reg_SE-3.docx\" rel=\"\">s\u00edntese Historica_GT_Reg_SE<\/a><\/div>\n<div><a href=\"http:\/\/www.fonaprace.andifes.org.br\/site\/wp-content\/uploads\/2016\/06\/sc3adntese-historica_gt_moradia_reg_se.doc\" rel=\"\">sc3adntese-historica_gt_moradia_reg_se<\/a><\/div>\n<div><a href=\"http:\/\/www.fonaprace.andifes.org.br\/site\/wp-content\/uploads\/2016\/06\/Question__rio-FONAPRACE-alterado-com-as-novas-sugest__es-1.doc\" rel=\"\">Question__rio &#8211; FONAPRACE alterado com as novas sugest__es<\/a><\/div>\n<div><a href=\"http:\/\/www.fonaprace.andifes.org.br\/site\/wp-content\/uploads\/2016\/06\/Question__rio-FONAPRACE-Minha-vers__o.doc\" rel=\"\">Question__rio &#8211; FONAPRACE &#8211; Minha vers__o<\/a><\/div>\n<div><a href=\"http:\/\/www.fonaprace.andifes.org.br\/site\/wp-content\/uploads\/2016\/06\/Propostas-GT-Alimenta____o-Abril-2014.doc\" rel=\"\">Propostas GT Alimenta____o &#8211; Abril 2014<\/a><\/div>\n<div><a href=\"http:\/\/www.fonaprace.andifes.org.br\/site\/wp-content\/uploads\/2016\/06\/GT_RU_apresenta____o.ppt\" rel=\"\">GT_RU_apresenta____o<\/a><\/div>\n<div><a href=\"http:\/\/www.fonaprace.andifes.org.br\/site\/wp-content\/uploads\/2016\/06\/GT-Moradia.doc\" rel=\"\">GT Moradia<\/a><\/div>\n<div><a href=\"http:\/\/www.fonaprace.andifes.org.br\/site\/wp-content\/uploads\/2016\/06\/GT-Alimenta____o-Corrigido.ppt\" rel=\"\">GT &#8211; Alimenta____o &#8211; Corrigido<\/a><\/div>\n<div><a href=\"http:\/\/www.fonaprace.andifes.org.br\/site\/wp-content\/uploads\/2016\/06\/GT-Alimenta____o-UFU.pdf\" rel=\"\">GT Alimenta____o &#8211; UFU<\/a><\/div>\n<div><a href=\"http:\/\/www.fonaprace.andifes.org.br\/site\/wp-content\/uploads\/2016\/06\/FONAPRACE-GT-RESTAURANTE-UNIVERSIT__RIO.doc\" rel=\"\">FONAPRACE GT RESTAURANTE UNIVERSIT__RIO<\/a><\/div>\n<div><a href=\"http:\/\/www.fonaprace.andifes.org.br\/site\/wp-content\/uploads\/2016\/06\/Caracteriza____o-GT-Observat__rio.doc\" rel=\"\">Caracteriza____o &#8211; GT &#8211; Observat__rio<\/a><\/div>\n<div><a href=\"http:\/\/www.fonaprace.andifes.org.br\/site\/wp-content\/uploads\/2016\/06\/ANEXO-VI-Moradia.ppt\" rel=\"\">ANEXO VI &#8211; Moradia<\/a><\/div>\n<div><\/div>\n<div><span style=\"font-family: georgia, serif;\">GT 2 &#8211; Preven\u00e7\u00e3o e Promo\u00e7\u00e3o;<\/span><\/div>\n<div>\n<div><a href=\"http:\/\/www.fonaprace.andifes.org.br\/site\/wp-content\/uploads\/2016\/06\/s\u00edntese-Historica_GT_Reg_SE-2.docx\" rel=\"\">GT moradia estudantil e Restaurante Universit\u00e1rio<\/a><\/div>\n<div><a href=\"http:\/\/www.fonaprace.andifes.org.br\/site\/wp-content\/uploads\/2016\/06\/sc3adntese-historica_gt_saude_reg_se-1.doc\" rel=\"\">GT assist\u00eancia \u00e0 sa\u00fade<\/a><\/div>\n<div><a href=\"http:\/\/www.fonaprace.andifes.org.br\/site\/wp-content\/uploads\/2016\/06\/sc3adntese-historica_gt_esporte_cultura_reg_se-1.doc\" rel=\"\">Hist\u00f3ria GT, esporte e cultura e lazer<\/a><\/div>\n<div><a href=\"http:\/\/www.fonaprace.andifes.org.br\/site\/wp-content\/uploads\/2016\/06\/Reuni__o-GT-Sa__de-FONAPRACE-abril-2013-1.pdf\" rel=\"\">Reuni__o GT Sa__de FONAPRACE abril-2013<\/a><\/div>\n<div><a href=\"http:\/\/www.fonaprace.andifes.org.br\/site\/wp-content\/uploads\/2016\/06\/GT-ESPORTE-E-LAZER-1.pptx\" rel=\"\">GT ESPORTE E LAZER<\/a><\/div>\n<div><a href=\"http:\/\/www.fonaprace.andifes.org.br\/site\/wp-content\/uploads\/2016\/06\/Anexo-VIII-Rodolfo-Mesa-Redonda-1.pptx\" rel=\"\">Anexo VIII Rodolfo Mesa Redonda<\/a><\/div>\n<div><a href=\"http:\/\/www.fonaprace.andifes.org.br\/site\/wp-content\/uploads\/2016\/06\/ANEXO-VII-Sa\u00fade-1.ppt\" rel=\"\">ANEXO VII &#8211; Sa\u00fade<\/a><\/div>\n<div><a href=\"http:\/\/www.fonaprace.andifes.org.br\/site\/wp-content\/uploads\/2016\/06\/Anexo-VI-Artigo-MARCELO-BARROS-UFRJ-ENCE-2015-na-UFC-de-FortalezaCE-1.docx\" rel=\"\">Anexo VI Artigo (MARCELO BARROS &#8211; UFRJ) ENCE 2015 na UFC de Fortaleza,CE<\/a><\/div>\n<div><a href=\"http:\/\/www.fonaprace.andifes.org.br\/site\/wp-content\/uploads\/2016\/06\/Anexo-IX-MESA-ESPORTE-FONAPRACE-2015-1.doc\" rel=\"\">Anexo IX MESA ESPORTE FONAPRACE 2015<\/a><\/div>\n<\/div>\n<div><span style=\"font-family: georgia, serif;\">GT 3 &#8211; Apoio e Acompanhamento;\u00a0<\/span><\/div>\n<div><a href=\"http:\/\/www.fonaprace.andifes.org.br\/site\/wp-content\/uploads\/2016\/06\/s\u00edntese-Historica_GT_Reg_SE-4.docx\" rel=\"\">s\u00edntese Historica_GT_Reg_SE<\/a><\/div>\n<div><a href=\"http:\/\/www.fonaprace.andifes.org.br\/site\/wp-content\/uploads\/2016\/06\/sc3adntese-historica_gt_acompanhamento_reg_se.doc\" rel=\"\">sc3adntese-historica_gt_acompanhamento_reg_se<\/a><\/div>\n<div><a href=\"http:\/\/www.fonaprace.andifes.org.br\/site\/wp-content\/uploads\/2016\/06\/GT-ACOMPANHAMENTO-5a-Reuniao-BH-Out-15.pptx\" rel=\"\">GT-ACOMPANHAMENTO-5a-Reuniao-BH-Out-15<\/a><\/div>\n<div><a href=\"http:\/\/www.fonaprace.andifes.org.br\/site\/wp-content\/uploads\/2016\/06\/Ata_04_-GT-Acompanhamento.doc\" rel=\"\">Ata_04_ GT Acompanhamento<\/a><\/div>\n<div><a href=\"http:\/\/www.fonaprace.andifes.org.br\/site\/wp-content\/uploads\/2016\/06\/Anexo-XVI-C-Historico_GT-Acompanhamento-1.doc\" rel=\"\">Anexo XVI C Historico_GT-Acompanhamento (1)<\/a><\/div>\n<div><a href=\"http:\/\/www.fonaprace.andifes.org.br\/site\/wp-content\/uploads\/2016\/06\/Anexo-XVI-B-GT-Acompanhamento-consolidado-2013-2015.doc\" rel=\"\">Anexo XVI B GT-Acompanhamento-consolidado-2013-2015<\/a><\/div>\n<div><a href=\"http:\/\/www.fonaprace.andifes.org.br\/site\/wp-content\/uploads\/2016\/06\/Anexo-XVI-A-GT-ACOMPANHAMENTO-5a-Reuniao-BH-Out-15.ppt\" rel=\"\">Anexo XVI A GT-ACOMPANHAMENTO-5a-Reuniao-BH-Out-15<\/a><\/div>\n<div><a href=\"http:\/\/www.fonaprace.andifes.org.br\/site\/wp-content\/uploads\/2016\/06\/Anexo-VII-BCE-Fonaprace-out2015.pptx\" rel=\"\">Anexo VII BCE-Fonaprace-out2015<\/a><\/div>\n<div><a href=\"http:\/\/www.fonaprace.andifes.org.br\/site\/wp-content\/uploads\/2016\/06\/ANEXO-IX-Acompanhamento.ppt\" rel=\"\">ANEXO IX &#8211; Acompanhamento<\/a><\/div>\n<div><span style=\"font-family: georgia, serif;\">GT 4 &#8211; Inclus\u00e3o e Cidadania;\u00a0<\/span><\/div>\n<div>\u00a0<a href=\"http:\/\/www.fonaprace.andifes.org.br\/site\/wp-content\/uploads\/2016\/06\/Anexo-III-UFF-A-CAMINHO-DA-ACESSIBILIDADE0515.pptxlucilia.pptx\" rel=\"\">Anexo III UFF A CAMINHO DA ACESSIBILIDADE0515.pptxlucilia<\/a><\/div>\n<div><a href=\"http:\/\/www.fonaprace.andifes.org.br\/site\/wp-content\/uploads\/2016\/06\/Anexo-V-FONAPRACE-27-10-AV.pptx\" rel=\"\">Anexo V FONAPRACE 27-10 AV<\/a><\/div>\n<div><a href=\"http:\/\/www.fonaprace.andifes.org.br\/site\/wp-content\/uploads\/2016\/06\/Anexo-IV-SANDRA-FILGUEIRAS-APRESENTA\u00c7\u00c3O-fonaprace-27-outubro.pptx\" rel=\"\">Anexo IV SANDRA FILGUEIRAS APRESENTA\u00c7\u00c3O fonaprace 27 outubro<\/a><\/div>\n<div><a href=\"http:\/\/www.fonaprace.andifes.org.br\/site\/wp-content\/uploads\/2016\/06\/ANEXO-V-Acessibilidade.ppt\" rel=\"\">ANEXO V &#8211; Acessibilidade<\/a><\/div>\n<div><a href=\"http:\/\/www.fonaprace.andifes.org.br\/site\/wp-content\/uploads\/2016\/06\/s\u00edntese-Historica_GT_Reg_SE-5.docx\" rel=\"\">s\u00edntese Historica_GT_Reg_SE<\/a><\/div>\n<div><a href=\"http:\/\/www.fonaprace.andifes.org.br\/site\/wp-content\/uploads\/2016\/06\/sc3adntese-historica_gt_acessibilidade_reg_se.doc\" rel=\"\">sc3adntese-historica_gt_acessibilidade_reg_se<\/a><\/div>\n<div><a href=\"http:\/\/www.fonaprace.andifes.org.br\/site\/wp-content\/uploads\/2016\/06\/GT-Acessibilidade-Apresenta____o-plen__ria.pptx\" rel=\"\">GT Acessibilidade &#8211; Apresenta____o plen__ria<\/a><\/div>\n<div><a href=\"http:\/\/www.fonaprace.andifes.org.br\/site\/wp-content\/uploads\/2016\/06\/Anexo-XI-PROGRAMA-PRAE-DE-A\u00c7\u00d5ES-AFIRMATIVAS-2015.doc\" rel=\"\">Anexo XI PROGRAMA PRAE DE A\u00c7\u00d5ES AFIRMATIVAS 2015<\/a><\/div>\n<div><span style=\"font-family: georgia, serif;\">GT 5 &#8211; Metodologia;<\/span><\/div>\n<div><a href=\"http:\/\/www.fonaprace.andifes.org.br\/site\/wp-content\/uploads\/2016\/06\/s\u00edntese-Historica_GT_Reg_SE-6.docx\" rel=\"\">s\u00edntese Historica_GT_Reg_SE<\/a><\/div>\n<div><a href=\"http:\/\/www.fonaprace.andifes.org.br\/site\/wp-content\/uploads\/2016\/06\/Sintese_-GT_Metodologia.ppt\" rel=\"\">Sintese_ GT_Metodologia<\/a><\/div>\n<div><a href=\"http:\/\/www.fonaprace.andifes.org.br\/site\/wp-content\/uploads\/2016\/06\/sc3adntese-historica_gtmetodologiaebolsas_reg_se.doc\" rel=\"\">sc3adntese-historica_gtmetodologiaebolsas_reg_se<\/a><\/div>\n<div><a href=\"http:\/\/www.fonaprace.andifes.org.br\/site\/wp-content\/uploads\/2016\/06\/Indicadores-_socioecon\u00f4micos-_GT_Metod_28_10_2015.ppt\" rel=\"\">Indicadores _socioecon\u00f4micos _GT_Metod_28_10_2015<\/a><\/div>\n<div><a href=\"http:\/\/www.fonaprace.andifes.org.br\/site\/wp-content\/uploads\/2016\/06\/ANEXO-VIII-Metodologia.doc\" rel=\"\">ANEXO VIII &#8211; Metodologia<\/a><\/div>\n<div><\/div>\n","protected":false},"excerpt":{"rendered":"<p>GT 1 &#8211; Assist\u00eancia Priorit\u00e1ria;\u00a0 \u00a0s\u00edntese Historica_GT_Reg_SE sc3adntese-historica_gt_moradia_reg_se Question__rio &#8211; FONAPRACE alterado com as novas sugest__es Question__rio &#8211; FONAPRACE &#8211; Minha vers__o Propostas GT Alimenta____o &#8211; Abril 2014 GT_RU_apresenta____o GT Moradia GT &#8211; Alimenta____o &#8211; Corrigido GT Alimenta____o &#8211; UFU FONAPRACE GT RESTAURANTE UNIVERSIT__RIO Caracteriza____o &#8211; GT &#8211; Observat__rio ANEXO VI &#8211; Moradia GT 2 [&hellip;]<\/p>\n","protected":false},"author":1,"featured_media":0,"parent":0,"menu_order":0,"comment_status":"closed","ping_status":"closed","template":"","meta":{"footnotes":""},"class_list":["post-266","page","type-page","status-publish","hentry"],"_links":{"self":[{"href":"https:\/\/www.fonaprace.andifes.org.br\/site\/index.php\/wp-json\/wp\/v2\/pages\/266","targetHints":{"allow":["GET"]}}],"collection":[{"href":"https:\/\/www.fonaprace.andifes.org.br\/site\/index.php\/wp-json\/wp\/v2\/pages"}],"about":[{"href":"https:\/\/www.fonaprace.andifes.org.br\/site\/index.php\/wp-json\/wp\/v2\/types\/page"}],"author":[{"embeddable":true,"href":"https:\/\/www.fonaprace.andifes.org.br\/site\/index.php\/wp-json\/wp\/v2\/users\/1"}],"replies":[{"embeddable":true,"href":"https:\/\/www.fonaprace.andifes.org.br\/site\/index.php\/wp-json\/wp\/v2\/comments?post=266"}],"version-history":[{"count":9,"href":"https:\/\/www.fonaprace.andifes.org.br\/site\/index.php\/wp-json\/wp\/v2\/pages\/266\/revisions"}],"predecessor-version":[{"id":331,"href":"https:\/\/www.fonaprace.andifes.org.br\/site\/index.php\/wp-json\/wp\/v2\/pages\/266\/revisions\/331"}],"wp:attachment":[{"href":"https:\/\/www.fonaprace.andifes.org.br\/site\/index.php\/wp-json\/wp\/v2\/media?parent=266"}],"curies":[{"name":"wp","href":"https:\/\/api.w.org\/{rel}","templated":true}]}}