{"id":200,"date":"2016-05-12T12:46:01","date_gmt":"2016-05-12T12:46:01","guid":{"rendered":"http:\/\/www.fonaprace.andifes.org.br\/site\/?page_id=200"},"modified":"2016-05-12T13:21:45","modified_gmt":"2016-05-12T13:21:45","slug":"gts","status":"publish","type":"page","link":"https:\/\/www.fonaprace.andifes.org.br\/site\/index.php\/gts\/","title":{"rendered":"GTs"},"content":{"rendered":"<p><a href=\"https:\/\/fonapracenacional.files.wordpress.com\/2014\/12\/sc3adntese-historica_gt_acessibilidade_reg_se.docx\">s\u00edntese Historica_GT_Acessibilidade_Reg_SE<\/a><\/p>\n<p><a href=\"http:\/\/www.fonaprace.andifes.org.br\/site\/wp-content\/uploads\/2016\/05\/sc3adntese-historica_gt_acompanhamento_reg_se-1.docx\" rel=\"\">s\u00edntese Historica_GT_Acompanhamento_Reg_SE<\/a><\/p>\n<p><a href=\"http:\/\/www.fonaprace.andifes.org.br\/site\/wp-content\/uploads\/2016\/05\/sc3adntese-historica_gt_esporte_cultura_reg_se-1.docx\" rel=\"\">s\u00edntese Historica_GT_Esporte_cultura_Reg_SE<\/a><\/p>\n<p><a href=\"http:\/\/www.fonaprace.andifes.org.br\/site\/wp-content\/uploads\/2016\/05\/sc3adntese-historica_gt_gestores_reg_se-1.docx\" rel=\"\">s\u00edntese Historica_GT_Gestores_Reg_SE<\/a><\/p>\n<p><a href=\"http:\/\/www.fonaprace.andifes.org.br\/site\/wp-content\/uploads\/2016\/05\/sc3adntese-historica_gt_moradia_reg_se-1.docx\" rel=\"\">s\u00edntese Historica_GT_Moradia_Reg_SE<\/a><\/p>\n<p><a href=\"http:\/\/www.fonaprace.andifes.org.br\/site\/wp-content\/uploads\/2016\/05\/sc3adntese-historica_gt_ru_alimentac3a7c3a3o_reg_se-1.docx\" rel=\"\">s\u00edntese Historica_GT_RU_alimenta\u00e7\u00e3o_Reg_SE<\/a><\/p>\n<p><a href=\"http:\/\/www.fonaprace.andifes.org.br\/site\/wp-content\/uploads\/2016\/05\/sc3adntese-historica_gt_saude_reg_se-1.docx\" rel=\"\">s\u00edntese Historica_GT_Saude_Reg_SE<\/a><\/p>\n<p><a href=\"http:\/\/www.fonaprace.andifes.org.br\/site\/wp-content\/uploads\/2016\/05\/sc3adntese-historica_gtmetodologiaebolsas_reg_se-1.docx\" rel=\"\">s\u00edntese Historica_GTMetodologiaebolsas_Reg_SE<\/a><\/p>\n","protected":false},"excerpt":{"rendered":"<p>s\u00edntese Historica_GT_Acessibilidade_Reg_SE s\u00edntese Historica_GT_Acompanhamento_Reg_SE s\u00edntese Historica_GT_Esporte_cultura_Reg_SE s\u00edntese Historica_GT_Gestores_Reg_SE s\u00edntese Historica_GT_Moradia_Reg_SE s\u00edntese Historica_GT_RU_alimenta\u00e7\u00e3o_Reg_SE s\u00edntese Historica_GT_Saude_Reg_SE s\u00edntese Historica_GTMetodologiaebolsas_Reg_SE<\/p>\n","protected":false},"author":1,"featured_media":0,"parent":0,"menu_order":0,"comment_status":"closed","ping_status":"closed","template":"","meta":{"footnotes":""},"class_list":["post-200","page","type-page","status-publish","hentry"],"_links":{"self":[{"href":"https:\/\/www.fonaprace.andifes.org.br\/site\/index.php\/wp-json\/wp\/v2\/pages\/200","targetHints":{"allow":["GET"]}}],"collection":[{"href":"https:\/\/www.fonaprace.andifes.org.br\/site\/index.php\/wp-json\/wp\/v2\/pages"}],"about":[{"href":"https:\/\/www.fonaprace.andifes.org.br\/site\/index.php\/wp-json\/wp\/v2\/types\/page"}],"author":[{"embeddable":true,"href":"https:\/\/www.fonaprace.andifes.org.br\/site\/index.php\/wp-json\/wp\/v2\/users\/1"}],"replies":[{"embeddable":true,"href":"https:\/\/www.fonaprace.andifes.org.br\/site\/index.php\/wp-json\/wp\/v2\/comments?post=200"}],"version-history":[{"count":3,"href":"https:\/\/www.fonaprace.andifes.org.br\/site\/index.php\/wp-json\/wp\/v2\/pages\/200\/revisions"}],"predecessor-version":[{"id":251,"href":"https:\/\/www.fonaprace.andifes.org.br\/site\/index.php\/wp-json\/wp\/v2\/pages\/200\/revisions\/251"}],"wp:attachment":[{"href":"https:\/\/www.fonaprace.andifes.org.br\/site\/index.php\/wp-json\/wp\/v2\/media?parent=200"}],"curies":[{"name":"wp","href":"https:\/\/api.w.org\/{rel}","templated":true}]}}