{"id":192,"date":"2016-05-12T12:38:16","date_gmt":"2016-05-12T12:38:16","guid":{"rendered":"http:\/\/www.fonaprace.andifes.org.br\/site\/?page_id=192"},"modified":"2016-05-12T12:42:09","modified_gmt":"2016-05-12T12:42:09","slug":"nacional","status":"publish","type":"page","link":"https:\/\/www.fonaprace.andifes.org.br\/site\/index.php\/nacional\/","title":{"rendered":"Nacional"},"content":{"rendered":"<p><a href=\"http:\/\/www.fonaprace.andifes.org.br\/site\/wp-content\/uploads\/2016\/05\/convocac3a7c3a3o-reunic3a3o-nacional-do-fonaprace-56c3a2c2aa-12-a-14-de-novembro-de-2014.doc\" rel=\"\">CONVOCA\u00c7\u00c3O REUNI\u00c3O NACIONAL DO FONAPRACE \u2013 56\u00c2\u00aa \u2013 12 a 14 de novembro de 2014<\/a><\/p>\n","protected":false},"excerpt":{"rendered":"<p>CONVOCA\u00c7\u00c3O REUNI\u00c3O NACIONAL DO FONAPRACE \u2013 56\u00c2\u00aa \u2013 12 a 14 de novembro de 2014<\/p>\n","protected":false},"author":1,"featured_media":0,"parent":0,"menu_order":0,"comment_status":"closed","ping_status":"closed","template":"","meta":{"footnotes":""},"class_list":["post-192","page","type-page","status-publish","hentry"],"_links":{"self":[{"href":"https:\/\/www.fonaprace.andifes.org.br\/site\/index.php\/wp-json\/wp\/v2\/pages\/192","targetHints":{"allow":["GET"]}}],"collection":[{"href":"https:\/\/www.fonaprace.andifes.org.br\/site\/index.php\/wp-json\/wp\/v2\/pages"}],"about":[{"href":"https:\/\/www.fonaprace.andifes.org.br\/site\/index.php\/wp-json\/wp\/v2\/types\/page"}],"author":[{"embeddable":true,"href":"https:\/\/www.fonaprace.andifes.org.br\/site\/index.php\/wp-json\/wp\/v2\/users\/1"}],"replies":[{"embeddable":true,"href":"https:\/\/www.fonaprace.andifes.org.br\/site\/index.php\/wp-json\/wp\/v2\/comments?post=192"}],"version-history":[{"count":2,"href":"https:\/\/www.fonaprace.andifes.org.br\/site\/index.php\/wp-json\/wp\/v2\/pages\/192\/revisions"}],"predecessor-version":[{"id":197,"href":"https:\/\/www.fonaprace.andifes.org.br\/site\/index.php\/wp-json\/wp\/v2\/pages\/192\/revisions\/197"}],"wp:attachment":[{"href":"https:\/\/www.fonaprace.andifes.org.br\/site\/index.php\/wp-json\/wp\/v2\/media?parent=192"}],"curies":[{"name":"wp","href":"https:\/\/api.w.org\/{rel}","templated":true}]}}