{"id":186,"date":"2016-05-12T12:38:04","date_gmt":"2016-05-12T12:38:04","guid":{"rendered":"http:\/\/www.fonaprace.andifes.org.br\/site\/?page_id=186"},"modified":"2017-04-06T14:32:30","modified_gmt":"2017-04-06T14:32:30","slug":"sudeste-2","status":"publish","type":"page","link":"https:\/\/www.fonaprace.andifes.org.br\/site\/index.php\/universidades-por-regiao\/sudeste-2\/","title":{"rendered":"Sudeste"},"content":{"rendered":"<p><strong>ESP\u00cdRITO SANTO<\/strong><\/p>\n<p><strong>UFES \u2013 UNIVERSIDADE FEDERAL DO ESP\u00cdRITO SANTO<\/strong><\/p>\n<p><strong>Reitor:<\/strong> REINALDO CENTODUCATTE<br \/>\n<strong>Mandato:<\/strong> 15\/3\/2012 a 14\/3\/2016<strong><br \/>\nEnd: <\/strong>Av. Fernando Ferrari, 514 \u2013 Campus Universit\u00e1rio \u2013 Bairro Goiabeiras<br \/>\n<strong>Cep: <\/strong>29060-910<br \/>\n<strong>Cidade: <\/strong>Vit\u00f3ria\/ES<br \/>\n<strong>Tel: <\/strong>(27) 4009-2700 \/ 2200<br \/>\n<strong>Fax:<\/strong> (27) 3335-2818<br \/>\n<strong>Assessoria de Comunica\u00e7\u00e3o: <\/strong><a href=\"mailto:l-vital@uol.com.br\">l-vital@uol.com.br<\/a><br \/>\n<strong>Home page:<\/strong><a href=\"http:\/\/www.ufes.br\/\" target=\"blank\"> http:\/\/www.ufes.br<\/a><\/p>\n<hr \/>\n<p><strong>MINAS GERAIS<\/strong><\/p>\n<p><strong>CEFET-MG<\/strong> \u2013 <strong>CENTRO FEDERAL DE EDUCA\u00c7\u00c3O TECNOL\u00d3GICA DE MINAS GERAIS<\/strong><\/p>\n<p><strong>Diretor Geral<\/strong>: M\u00c1RCIO SILVA BAS\u00cdLIO<br \/>\n<strong>Mandato<\/strong>: 13\/10\/2011 a 12\/10\/2015<strong><br \/>\nEnd: <\/strong>Av. Amazonas, 5253 \u2013 Bairro Nova Su\u00ed\u00e7a<br \/>\n<strong>Cep: <\/strong>30480-000<br \/>\n<strong>Cidade: <\/strong>Belo Horizonte\/MG<br \/>\n<strong>Tel: <\/strong>(31) 3319-7007 \/ 7008 \/ 7011<br \/>\n<strong>Fax: <\/strong>(31) 3319-5009<br \/>\n<strong>Assessoria de Comunica\u00e7\u00e3o:<\/strong> <a href=\"mailto:ascom@adm.cefetmg.br\">ascom@adm.cefetmg.br<\/a><br \/>\n<strong>Home page:<\/strong> <a href=\"http:\/\/www.cefetmg.br\/\" target=\"blank\">http:\/\/www.cefetmg.br<\/a><\/p>\n<p><strong>UFJF \u2013 UNIVERSIDADE FEDERAL DE JUIZ DE FORA<\/strong><\/p>\n<p><strong>Reitor:<\/strong> HENRIQUE DUQUE DE MIRANDA CHAVES FILHO<br \/>\n<strong>Mandato:<\/strong> 16\/9\/2010 a 15\/9\/2014<br \/>\n<strong>End:<\/strong> Rua Jos\u00e9 Louren\u00e7o kelmer s\/n\u00ba Bairro S\u00e3o Pedro<br \/>\n<strong>Cep:<\/strong> 036-330<br \/>\n<strong>Cidade:<\/strong> Juiz de Fora\/MG<br \/>\n<strong>Tel:<\/strong> (32) 2102-3903<br \/>\n<strong>Fax:<\/strong> (32) 2102-3903<br \/>\n<strong>E-mail:<\/strong> <a href=\"mailto:mobilidade.prograd@ufjf.edu.br\">mobilidade.prograd@ufjf.edu.br<\/a><br \/>\n<strong>Assessoria de Comunica\u00e7\u00e3o:<\/strong> <a href=\"mailto:imprensa@ufjf.edu.br\">imprensa@ufjf.edu.br<\/a><br \/>\n<strong>Home page:<\/strong> <a href=\"http:\/\/www.ufjf.br\/\">http:\/\/www.ufjf.br<\/a><\/p>\n<p><strong>UFLA \u2013 UNIVERSIDADE FEDERAL DE LAVRAS<\/strong><\/p>\n<p><strong>Reitor: <\/strong>JOS\u00c9 ROBERTO SOARES SCOLFORO<br \/>\n<strong>Mandato:<\/strong> 29\/5\/2012 a 28\/5\/2016<br \/>\n<strong>End: <\/strong>Caixa Postal: 3037<br \/>\n<strong>Cep: <\/strong>37200-000<br \/>\n<strong>Cidade: <\/strong>Lavras\/MG<br \/>\n<strong>Tel: <\/strong>(35) 3829-1502<br \/>\n<strong>FAX<\/strong>: (35) 3829-1100<br \/>\n<strong>Assessoria de Comunica\u00e7\u00e3o: <\/strong><a href=\"mailto:jornal@ufla.br\">jornal@ufla.br<\/a><br \/>\n<strong>Home page:<\/strong> <a href=\"http:\/\/www.ufla.br\/\" target=\"blank\">http:\/\/www.ufla.br<\/a><\/p>\n<p><strong>UFMG \u2013 UNIVERSIDADE FEDERAL DE MINAS GERAIS<\/strong><\/p>\n<p><strong>Reitor: <\/strong>JAIME ARTURO RAM\u00cdREZ<br \/>\n<strong>Mandato:<\/strong>\u00a018\/3\/2014 a 17\/3\/2018<strong><br \/>\nEnd: <\/strong>Av. Ant\u00f4nio Carlos, 6627 \u2013 Pampulha<br \/>\n<strong>Cep: <\/strong>31270-901<br \/>\n<strong>Cidade: <\/strong>Belo Horizonte\/MG<br \/>\n<strong>Tel: <\/strong>(31) 3409-4127\/4128<br \/>\n<strong>Fax: <\/strong>(31) 3409-4130<br \/>\n<strong>Assessoria de Comunica\u00e7\u00e3o: <\/strong><a href=\"mailto:info@cedecom.ufmg.br\">info@cedecom.ufmg.br<\/a><br \/>\n<strong>Home page:<\/strong> <a href=\"http:\/\/www.ufmg.br\/\" target=\"blank\">http:\/\/www.ufmg.br<\/a><\/p>\n<p><strong>UFOP \u2013 UNIVERSIDADE FEDERAL DE OURO PRETO<\/strong><\/p>\n<p><strong>Reitor:<\/strong> MARCONE JAMILSON FREITAS SOUZA<br \/>\n<strong>Mandato:<\/strong> 16\/2\/2013 a 15\/2\/2017<br \/>\n<strong>End:<\/strong> Rua Diogo de Vasconcelos, 122 Pilar Campus Universit\u00e1rio, Morro do Cruzeiro<br \/>\n<strong>Cep:<\/strong> 35400-000<br \/>\n<strong>Cidade:<\/strong> Ouro Preto\/MG<br \/>\n<strong>Tel:<\/strong> (31) 3559-1218<br \/>\n<strong>Fax:<\/strong> (31) 3559-1228<br \/>\n<strong>Assessoria de Comunica\u00e7\u00e3o:<\/strong> <a href=\"mailto:ccs@ufop.br\">ccs@ufop.br<\/a><br \/>\n<strong>Home page:<\/strong> <a href=\"http:\/\/www.ufop.br\/\">http:\/\/www.ufop.br<\/a><\/p>\n<p><strong>UFSJ \u2013 UNIVERSIDADE FEDERAL DE S\u00c3O JO\u00c3O DEL-REI<\/strong><\/p>\n<p><strong>Reitora: <\/strong>VAL\u00c9RIA HELO\u00cdSA KEMP<br \/>\n<strong>Mandato: <\/strong>3\/7\/2012 a 2\/7\/2016<br \/>\n<strong>End: <\/strong>Pra\u00e7a Frei Orlando, 170 \u2013 Campus Santo Ant\u00f4nio<br \/>\n<strong>Cep: <\/strong>36307-352<br \/>\n<strong>Cidade: <\/strong>S\u00e3o Jo\u00e3o del-Rei\/MG<br \/>\n<strong>Tel: <\/strong>(32) 3379-2344\/ 2340<br \/>\n<strong>Fax: <\/strong>(32) 3379-2525<br \/>\n<strong>Assessoria de Comunica\u00e7\u00e3o: <\/strong><a href=\"mailto:ascom@ufsj.edu.br\">ascom@ufsj.edu.br<\/a><br \/>\n<strong>Home page:<\/strong> <a href=\"http:\/\/www.ufsj.edu.br\/\" target=\"blank\">http:\/\/www.ufsj.edu.br<\/a><\/p>\n<p><strong>UFTM \u2013 UNIVERSIDADE FEDERAL DO TRI\u00c2NGULO MINEIRO<\/strong><\/p>\n<p><strong>Reitor:<\/strong> VIRMONDES RODRIGUES JUNIOR<br \/>\n<strong>Mandato:<\/strong> 19\/8\/2010 a 19\/8\/2014<br \/>\n<strong>End: <\/strong>Rua Frei Paulino, 30, 4\u00baandar \u2013 Bairro Abadia<br \/>\n<strong>Cep: <\/strong>38025-180<br \/>\n<strong>Cidade: <\/strong>Uberaba\/MG<br \/>\n<strong>Tel:<\/strong> (34) 3318-5004\/5010<br \/>\n<strong>Fax:<\/strong> (34) 3312-1487<br \/>\n<strong>Assessoria de Comunica\u00e7\u00e3o: <\/strong><a href=\"mailto:imprensa@reitoria.uftm.edu.br\">imprensa@reitoria.uftm.edu.br<\/a><br \/>\n<strong>Home page:<\/strong> <a href=\"http:\/\/www.uftm.edu.br\/\" target=\"blank\">http:\/\/www.uftm.edu.br<\/a><\/p>\n<p><strong>UFU \u2013 UNIVERSIDADE FEDERAL DE UBERL\u00c2NDIA<\/strong><\/p>\n<p><strong>Reitor: <\/strong>ELMIRO SANTOS RESENDE<br \/>\n<strong>Mandato:<\/strong>\u00a012\/12\/2012 a 11\/12\/2016<strong><br \/>\nEnd: <\/strong>Av. Engenheiro Diniz, 1178 \u2013 Martins \u2013 Caixa Postal 593<br \/>\n<strong>Cep: <\/strong>38400-902<br \/>\n<strong>Cidade: <\/strong>Uberl\u00e2ndia\/MG<br \/>\n<strong>Tel: <\/strong>(34) 3239-4812\/ 4810<br \/>\n<strong>Fax:<\/strong> (34) 3231-4300<br \/>\n<strong>Assessoria de Comunica\u00e7\u00e3o:<\/strong> <a href=\"mailto:dalinha@dirco.ufu.br\">dalinha@dirco.ufu.br<\/a><br \/>\n<strong>Home page:<\/strong> <a href=\"http:\/\/www.ufu.br\/\" target=\"blank\">http:\/\/www.ufu.br<\/a><\/p>\n<p><strong>UFV \u2013 UNIVERSIDADE FEDERAL DE VI\u00c7OSA<\/strong><\/p>\n<p><strong>Reitora:<\/strong> NILDA DE F\u00c1TIMA FERREIRA SOARES<br \/>\n<strong>Mandato:<\/strong> 24\/5\/2011 a 24\/5\/2015<strong><br \/>\nEnd: <\/strong>Campus Universit\u00e1rio Av. Peter Henry Rolfs, s\/n CP: 384<br \/>\n<strong>Cep: <\/strong>36571-000<br \/>\n<strong>Cidade: <\/strong>Vi\u00e7osa\/MG<br \/>\n<strong>Tel: <\/strong>(31) 3899-2796<br \/>\n<strong>Fax:<\/strong> (31) 3899-2106\/ 2108<br \/>\n<strong>Assessoria de Comunica\u00e7\u00e3o: <\/strong><a href=\"mailto:jpaulo@ufv.br\">jpaulo@ufv.br<\/a><br \/>\n<strong>Home page:<\/strong> <a href=\"http:\/\/www.ufv.br\/\" target=\"blank\">http:\/\/www.ufv.br<\/a><\/p>\n<p><strong>UFVJM \u2013 UNIVERSIDADE FEDERAL DOS VALES DO JEQUITINHONHA E MUCURI<\/strong><\/p>\n<p><strong>Reitor: <\/strong>PEDRO ANGELO ALMEIDA ABREU<br \/>\n<strong>Mandato:<\/strong> 1\/8\/2011 a 8\/8\/2015<strong><br \/>\nEnd: <\/strong>Rua da Gl\u00f3ria, 187 \u2013 Centro<br \/>\n<strong>Cep: <\/strong>39100-000<br \/>\n<strong>Cidade: <\/strong>Diamantina\/MG<br \/>\n<strong>Tel: <\/strong>(38) 3532-6032<br \/>\n<strong>Fax: <\/strong>(38) 3532-6033<br \/>\n<strong>Assessoria de Comunica\u00e7\u00e3o: <\/strong><a href=\"mailto:ascom@ufvjm.edu.br\">ascom@ufvjm.edu.br<\/a><br \/>\n<strong>Home page:<\/strong> <a href=\"http:\/\/www.ufvjm.edu.br\/\" target=\"_blank\">http:\/\/www.ufvjm.edu.br\/<\/a><\/p>\n<p><strong>UNIFAL-MG \u2013 UNIVERSIDADE FEDERAL DE ALFENAS<\/strong><\/p>\n<p><strong>Reitor: <\/strong>PAULO M\u00c1RCIO DE FARIA E SILVA<br \/>\n<strong>Mandato:<\/strong>\u00a018\/3\/2014 a 17\/3\/2018<strong><br \/>\nEnd: <\/strong>Rua Gabriel Monteiro da Silva, 714 \u2013 Centro, Caixa Postal 221<br \/>\n<strong>Cep: <\/strong>37130-000<br \/>\n<strong>Cidade: <\/strong>Alfenas\/MG<br \/>\n<strong>Tel: <\/strong>(35) 3299-1000\/1062<br \/>\n<strong>Fax: <\/strong>(35) 3299-1063<br \/>\n<strong>Assessoria de Comunica\u00e7\u00e3o:<\/strong> <a href=\"mailto:marcia.carvalhaes@unifal-mg.edu.br\">marcia.carvalhaes@unifal-mg.edu.br<\/a><br \/>\n<strong>Home page:<\/strong> <a href=\"http:\/\/www.unifal-mg.edu.br\/\" target=\"blank\">http:\/\/www.unifal-mg.edu.br<\/a><\/p>\n<p><strong>UNIFEI<\/strong> \u2013 <strong>UNIVERSIDADE FEDERAL DE ITAJUB\u00c1<\/strong><\/p>\n<p><strong>Reitor:<\/strong>\u00a0DAGOBERTO ALVES DE ALMEIDA<br \/>\n<strong>Mandato: <\/strong>18\/12\/2012 a 17\/12\/2016<strong><br \/>\nEnd: <\/strong>Campus Prof. Jos\u00e9 Rodrigues Seabra \u2013 Av. BPS, 1303 \u2013 Pinheirinho \u2013 Caixa Postal 50<br \/>\n<strong>Cep: <\/strong>37500-903<br \/>\n<strong>Cidade: <\/strong>Itajub\u00e1\/MG<br \/>\n<strong>Tel: <\/strong>(35) 3629-1108 \/ 1105<br \/>\n<strong>Fax: <\/strong>(35) 3622-3596<br \/>\n<strong>Assessoria de Comunica\u00e7\u00e3o: <\/strong><a href=\"mailto:loc@unifei.edu.br\">loc@unifei.edu.br<\/a><br \/>\n<strong>Home page:<\/strong> <a href=\"http:\/\/www.unifei.edu.br\/\" target=\"blank\">http:\/\/www.unifei.edu.br<br \/>\n<\/a><\/p>\n<hr \/>\n<p><strong>RIO DE JANEIRO<\/strong><\/p>\n<p><strong>CEFET-RJ \u2013 CENTRO FEDERAL DE EDUCA\u00c7\u00c3O TECNOL\u00d3GlCA CELSO SUCKOW DA FONSECA<\/strong><\/p>\n<p><strong>Diretor-geral:<\/strong> CARLOS HENRIQUE FIGUEIREDO ALVES<br \/>\n<strong>Mandato:<\/strong> 30\/6\/2011 a 30\/6\/2015<br \/>\n<strong>Endere\u00e7o:<\/strong> Av. Maracan\u00e3, 229 \u2013 Bloco A \u2013 T\u00e9rreo \u2013 Maracan\u00e3<br \/>\n<strong>Cep:<\/strong> 20271-110<br \/>\n<strong>Cidade:<\/strong> Rio de Janeiro\/RJ<br \/>\n<strong>Tel:<\/strong> (21) 2568-8890<br \/>\n<strong>Fax:<\/strong> (21) 2204-0978<br \/>\n<strong>Assessoria de Comunica\u00e7\u00e3o:<\/strong> <a href=\"mailto:mariana@cefet-rj.br\">mariana@cefet-rj.br<\/a><br \/>\n<strong>Home Page:<\/strong> <a href=\"http:\/\/www.cefet-rj.br\/\">http:\/\/www.cefet-rj.br\/<\/a><\/p>\n<p><strong>UFF \u2013 UNIVERSIDADE FEDERAL FLUMINENSE<\/strong><\/p>\n<p><strong>Reitor<\/strong>\u00a0ROBERTO DE SOUZA SALLES<br \/>\n<strong>Mandato:<\/strong>\u00a014\/11\/2010 a 17\/11\/2014<strong><br \/>\nEnd:\u00a0<\/strong>Rua Miguel de Frias, 9, 7\u00ba andar \u2013 Icara\u00ed \u2013 Caixa Postal 296<br \/>\n<strong>Cep:\u00a0<\/strong>24220-008<br \/>\n<strong>Cidade:\u00a0<\/strong>Niter\u00f3i\/RJ<br \/>\n<strong>Tel:\u00a0<\/strong>(21) 2629-5208 \/ 5209<br \/>\n<strong>Fax:\u00a0<\/strong>(21) 2629-5207<br \/>\n<strong>Assessoria de Comunica\u00e7\u00e3o:\u00a0<\/strong><a href=\"mailto:nucs@vm.uff.br\">nucs@vm.uff.br<\/a><br \/>\n<strong>Home page:<\/strong>\u00a0<a href=\"http:\/\/www.uff.br\/\" target=\"blank\">http:\/\/www.uff.br<\/a><\/p>\n<p><strong>UFRJ \u2013 UNIVERSIDADE FEDERAL DO RIO DE JANEIRO<\/strong><\/p>\n<p><strong>Reitor:<\/strong> CARLOS ANTONIO LEVI DA CONCEI\u00c7\u00c3O<br \/>\n<strong>Mandato:<\/strong> 8\/7\/2011 a 8\/7\/2015<br \/>\n<strong>End: <\/strong>Av.\u00a0Pedro Calmon, n\u00ba 550\u00a0\u2013 Pr\u00e9dio da Reitoria \u2013 2\u00ba andar \u2013 Gabinete do Reitor \u2013 Ilha do Fund\u00e3o<br \/>\n<strong>Cep: <\/strong>21.941-901<br \/>\n<strong>Cidade: <\/strong>Rio de Janeiro\/RJ<br \/>\n<strong>Tel: <\/strong>(21) 2598-9602 \/2598-9603<br \/>\n<strong>Fax: <\/strong>(21) 2598-1605<br \/>\n<strong>Assessoria de Comunica\u00e7\u00e3o: <\/strong><a href=\"mailto:joaopedro@reitoria.ufrj.br\">joaopedro@reitoria.ufrj.br<\/a><br \/>\n<strong>Home page:<\/strong> <a href=\"http:\/\/www.ufrj.br\/\" target=\"blank\">http:\/\/www.ufrj.br<\/a><br \/>\n<strong><br \/>\n<\/strong><strong>UFRRJ \u2013 UNIVERSIDADE FEDERAL RURAL DO RIO DE JANEIRO<\/strong><\/p>\n<p><strong>Reitora:<\/strong> ANA MARIA DANTAS SOARES<br \/>\n<strong>Mandato:<\/strong>\u00a016\/3\/2013 a 15\/3\/2017<strong><br \/>\nEnd: <\/strong>BR 465 \u2013 Km 07, Campus Universit\u00e1rio \u2013 Pavilh\u00e3o Central Serop\u00e9dica<br \/>\n<strong>Cep: <\/strong>23.850-230<br \/>\n<strong>Cidade: <\/strong>Rio de Janeiro\/RJ<br \/>\n<strong>Tel: <\/strong>(21) 2682-1080\/ 1090<br \/>\n<strong>Fax:<\/strong> (21) 2682-1120<br \/>\n<strong>Assessoria de Comunica\u00e7\u00e3o: <\/strong><a href=\"mailto:ascom@ufrrj.br\">ascom@ufrrj.br<\/a><br \/>\n<strong>Home page:<\/strong> <a href=\"http:\/\/www.ufrrj.br\/\" target=\"blank\">http:\/\/www.ufrrj.br<\/a><\/p>\n<p><strong>UNIRIO \u2013 UNIVERSIDADE FEDERAL DO ESTADO DO RIO DE JANEIRO<\/strong><\/p>\n<p><strong>Reitor: <\/strong>LUIZ PEDRO SAN GIL JUTUCA<br \/>\n<strong>Mandato: <\/strong>3\/6\/2011 a 3\/6\/2015<strong><br \/>\nEnd: <\/strong>Av. Pasteur, 296 \u2013 Urca<br \/>\n<strong>Cep: <\/strong>22290-240<br \/>\n<strong>Cidade: <\/strong>Rio de Janeiro\/RJ<br \/>\n<strong>Tel: <\/strong>(21) 2542-7350 \/ 7351 \/ 7373<br \/>\n<strong>Fax: <\/strong>(21) 2542-5537<br \/>\n<strong>Assessoria de Comunica\u00e7\u00e3o: <\/strong><a href=\"mailto:comunicacao@unirio.br\">comunicacao@unirio.br<\/a><br \/>\n<strong>Home page:<\/strong> <a href=\"http:\/\/www.unirio.br\/\" target=\"blank\">http:\/\/www.unirio.br<\/a><\/p>\n<hr \/>\n<p><strong>S\u00c3O PAULO<br \/>\n<\/strong><\/p>\n<p><strong>UFABC <\/strong>\u2013 <strong>UNIVERSIDADE FEDERAL DO ABC<\/strong><\/p>\n<p><strong>Reitor: <\/strong>KLAUS WERNER CAPELLE<br \/>\n<strong>Mandato: <\/strong>8\/2\/2014 a 7\/2\/2018<br \/>\n<strong>End: <\/strong>Rua Catequese, n\u00ba 242 \u2013 Jardim<br \/>\n<strong>Cep: <\/strong>09090-400<strong><br \/>\nCidade: <\/strong>Santo Andr\u00e9\/SP<br \/>\n<strong>Tel: <\/strong>(11) 4437-8400<br \/>\n<strong>Fax: <\/strong>(11) 4996-3166<br \/>\n<strong>Assessoria de Comunica\u00e7\u00e3o: <\/strong><a href=\"mailto:comunicacao@ufabc.edu.br\">comunicacao@ufabc.edu.br<\/a><br \/>\n<strong>Home page:<\/strong> <a href=\"http:\/\/www.ufabc.edu.br\/\" target=\"blank\">http:\/\/www.ufabc.edu.br<br \/>\n<\/a><\/p>\n<p><strong>UFSCar <\/strong>\u2013 <strong>UNIVERSIDADE FEDERAL DE S\u00c3O CARLOS<\/strong><\/p>\n<p><strong>Reitor:<\/strong> TARGINO DE ARA\u00daJO FILHO<br \/>\n<strong>Mandato:<\/strong>\u00a09\/11\/2012 a 8\/11\/2016<strong><br \/>\nEnd: <\/strong>Rodovia Washington Luiz (SP 310) \u2013 KM 235 \u2013 Monjolinho<br \/>\n<strong>Cep: <\/strong>13565-905 <strong><br \/>\nCidade: <\/strong>S\u00e3o Carlos\/SP<br \/>\n<strong>Tel: <\/strong>(16) 3351-8101 \/ 8168<br \/>\n<strong>Fax: <\/strong>(16) 3361-4846 \/ 2081<br \/>\n<strong>Assessoria de Comunica\u00e7\u00e3o: <\/strong><a href=\"mailto:ccs@ufscar.br\">ccs@ufscar.br<\/a><br \/>\n<strong>Home page:<\/strong> <a href=\"http:\/\/www.ufscar.br\/\" target=\"blank\">http:\/\/www.ufscar.br<br \/>\n<\/a><\/p>\n<p><strong>UNIFESP \u2013 UNIVERSIDADE FEDERAL DE S\u00c3O PAULO<\/strong><\/p>\n<p><strong>Reitora:<\/strong> SORAYA SOUBHI SMAILI<br \/>\n<strong>Mandato:<\/strong>\u00a07\/2\/2013 a 6\/2\/2017<br \/>\n<strong>End:<\/strong> Rua Sena Madureira, 1500 5\u00b0 andar \u2013 Vila Clementino<br \/>\n<strong>Cep:<\/strong> 04021-001<br \/>\n<strong>Cidade:<\/strong> S\u00e3o Paulo\/SP<br \/>\n<strong>Tel:<\/strong> (11) 5083-2120\/5084-4079<br \/>\n<strong>Assessoria de Comunica\u00e7\u00e3o:<\/strong> <a href=\"mailto:imprensa@unifesp.br\">imprensa@unifesp.br<\/a><br \/>\n<strong>Home page:<\/strong> <a href=\"http:\/\/www.unifesp.br\/\" target=\"_blank\">http:\/\/www.unifesp.br<\/a><\/p>\n","protected":false},"excerpt":{"rendered":"<p>ESP\u00cdRITO SANTO UFES \u2013 UNIVERSIDADE FEDERAL DO ESP\u00cdRITO SANTO Reitor: REINALDO CENTODUCATTE Mandato: 15\/3\/2012 a 14\/3\/2016 End: Av. Fernando Ferrari, 514 \u2013 Campus Universit\u00e1rio \u2013 Bairro Goiabeiras Cep: 29060-910 Cidade: Vit\u00f3ria\/ES Tel: (27) 4009-2700 \/ 2200 Fax: (27) 3335-2818 Assessoria de Comunica\u00e7\u00e3o: l-vital@uol.com.br Home page: http:\/\/www.ufes.br MINAS GERAIS CEFET-MG \u2013 CENTRO FEDERAL DE EDUCA\u00c7\u00c3O TECNOL\u00d3GICA [&hellip;]<\/p>\n","protected":false},"author":1,"featured_media":0,"parent":112,"menu_order":0,"comment_status":"closed","ping_status":"closed","template":"","meta":{"footnotes":""},"class_list":["post-186","page","type-page","status-publish","hentry"],"_links":{"self":[{"href":"https:\/\/www.fonaprace.andifes.org.br\/site\/index.php\/wp-json\/wp\/v2\/pages\/186","targetHints":{"allow":["GET"]}}],"collection":[{"href":"https:\/\/www.fonaprace.andifes.org.br\/site\/index.php\/wp-json\/wp\/v2\/pages"}],"about":[{"href":"https:\/\/www.fonaprace.andifes.org.br\/site\/index.php\/wp-json\/wp\/v2\/types\/page"}],"author":[{"embeddable":true,"href":"https:\/\/www.fonaprace.andifes.org.br\/site\/index.php\/wp-json\/wp\/v2\/users\/1"}],"replies":[{"embeddable":true,"href":"https:\/\/www.fonaprace.andifes.org.br\/site\/index.php\/wp-json\/wp\/v2\/comments?post=186"}],"version-history":[{"count":5,"href":"https:\/\/www.fonaprace.andifes.org.br\/site\/index.php\/wp-json\/wp\/v2\/pages\/186\/revisions"}],"predecessor-version":[{"id":398,"href":"https:\/\/www.fonaprace.andifes.org.br\/site\/index.php\/wp-json\/wp\/v2\/pages\/186\/revisions\/398"}],"up":[{"embeddable":true,"href":"https:\/\/www.fonaprace.andifes.org.br\/site\/index.php\/wp-json\/wp\/v2\/pages\/112"}],"wp:attachment":[{"href":"https:\/\/www.fonaprace.andifes.org.br\/site\/index.php\/wp-json\/wp\/v2\/media?parent=186"}],"curies":[{"name":"wp","href":"https:\/\/api.w.org\/{rel}","templated":true}]}}