{"id":183,"date":"2016-05-12T12:37:57","date_gmt":"2016-05-12T12:37:57","guid":{"rendered":"http:\/\/www.fonaprace.andifes.org.br\/site\/?page_id=183"},"modified":"2017-04-14T20:45:05","modified_gmt":"2017-04-14T20:45:05","slug":"norte-2","status":"publish","type":"page","link":"https:\/\/www.fonaprace.andifes.org.br\/site\/index.php\/norte-2\/","title":{"rendered":"Norte\/Nordeste"},"content":{"rendered":"<p><strong>Documentos\u00a02014<br \/>\n<a href=\"http:\/\/www.fonaprace.andifes.org.br\/site\/wp-content\/uploads\/2016\/05\/carta_de-palmas_2014.pdf\" rel=\"\">Carta_de Palmas_2014<\/a><\/strong><\/p>\n<p><strong>05-07\/Abril\/2017 Encontro Norte\/Nordeste<br \/>\nUFAL &#8211; Macei\u00f3\/Alagoas<br \/>\n<\/strong><strong><a href=\"http:\/\/www.ufal.edu.br\/noticias\/2017\/4\/comeca-hoje-o-forum-dos-pro-reitores-estudantis-do-norte-e-nordeste\" target=\"_blank\">Not\u00edcias sobre o evento<\/a>\u00a0&#8211; (Site da UFAL)<\/strong><\/p>\n<ul>\n<li><strong>Informes e An\u00e1lise de Conjuntura (<a href=\"https:\/\/drive.google.com\/file\/d\/0B6klljm4lUyJcmtCWHp2cThrR0U\/view?usp=sharing\" target=\"_blank\">apresenta\u00e7\u00e3o<\/a>)<\/strong><br \/>\nPalestrante: C\u00e1ssia Virginia Bastos Maciel<br \/>\n(Coord. Nacional &#8211; UFBA)<\/li>\n<\/ul>\n<ul>\n<li><strong>Palestras<\/strong><br \/>\n&#8211; Mesa Tem\u00e1tica 1: <a href=\"https:\/\/drive.google.com\/file\/d\/0B6klljm4lUyJY2Rsa0tVWVQ1RG8\/view?usp=sharing\" target=\"_blank\">Sa\u00fade\/Sa\u00fade Mental X AE<\/a><br \/>\nPalestrante: Dra. M\u00f4nica Rafaela Almeida<br \/>\n(PROAE\/UFERSA)<\/li>\n<\/ul>\n<ul>\n<li><strong>Comunica\u00e7\u00f5es Orais<\/strong><br \/>\n&#8211; <a href=\"https:\/\/drive.google.com\/file\/d\/0B6klljm4lUyJSEZEMDJ6VmNQdXc\/view?usp=sharing\" target=\"_blank\">Sa\u00fade mental em uma institui\u00e7\u00e3o do semi-\u00e1rido portiguar: relatando experi\u00eancias no campo da pr\u00e1xis. <\/a><br \/>\n(ALMEIDA; ARAUJO, 2017) &#8211; UFERSA- <a href=\"https:\/\/drive.google.com\/file\/d\/0B6klljm4lUyJSHZjdl9IYTdZNE0\/view?usp=sharing\" target=\"_blank\">Assist\u00eancia estudantil na UFAL Campus Arapiraca Unidade Educacional Penedo: an\u00e1lise de dados dos estudantes (2015-2016)<\/a>.<br \/>\n(SANTOS, 2017) &#8211; UFAL<br \/>\n&#8211; <a href=\"https:\/\/drive.google.com\/file\/d\/0B6klljm4lUyJNjlHSjFZLU1HLW8\/view?usp=sharing\" target=\"_blank\">Gest\u00e3o estudantil e taxa de sucesso dos programas da UFRPE.<\/a> (SANTOS; SILVA, 2017) &#8211; UFRPE<\/li>\n<\/ul>\n<p>&nbsp;<\/p>\n<p>&nbsp;<\/p>\n<p>&nbsp;<\/p>\n","protected":false},"excerpt":{"rendered":"<p>Documentos\u00a02014 Carta_de Palmas_2014 05-07\/Abril\/2017 Encontro Norte\/Nordeste UFAL &#8211; Macei\u00f3\/Alagoas Not\u00edcias sobre o evento\u00a0&#8211; (Site da UFAL) Informes e An\u00e1lise de Conjuntura (apresenta\u00e7\u00e3o) Palestrante: C\u00e1ssia Virginia Bastos Maciel (Coord. Nacional &#8211; UFBA) Palestras &#8211; Mesa Tem\u00e1tica 1: Sa\u00fade\/Sa\u00fade Mental X AE Palestrante: Dra. M\u00f4nica Rafaela Almeida (PROAE\/UFERSA) Comunica\u00e7\u00f5es Orais &#8211; Sa\u00fade mental em uma institui\u00e7\u00e3o do [&hellip;]<\/p>\n","protected":false},"author":1,"featured_media":0,"parent":0,"menu_order":0,"comment_status":"closed","ping_status":"closed","template":"","meta":{"footnotes":""},"class_list":["post-183","page","type-page","status-publish","hentry"],"_links":{"self":[{"href":"https:\/\/www.fonaprace.andifes.org.br\/site\/index.php\/wp-json\/wp\/v2\/pages\/183","targetHints":{"allow":["GET"]}}],"collection":[{"href":"https:\/\/www.fonaprace.andifes.org.br\/site\/index.php\/wp-json\/wp\/v2\/pages"}],"about":[{"href":"https:\/\/www.fonaprace.andifes.org.br\/site\/index.php\/wp-json\/wp\/v2\/types\/page"}],"author":[{"embeddable":true,"href":"https:\/\/www.fonaprace.andifes.org.br\/site\/index.php\/wp-json\/wp\/v2\/users\/1"}],"replies":[{"embeddable":true,"href":"https:\/\/www.fonaprace.andifes.org.br\/site\/index.php\/wp-json\/wp\/v2\/comments?post=183"}],"version-history":[{"count":17,"href":"https:\/\/www.fonaprace.andifes.org.br\/site\/index.php\/wp-json\/wp\/v2\/pages\/183\/revisions"}],"predecessor-version":[{"id":441,"href":"https:\/\/www.fonaprace.andifes.org.br\/site\/index.php\/wp-json\/wp\/v2\/pages\/183\/revisions\/441"}],"wp:attachment":[{"href":"https:\/\/www.fonaprace.andifes.org.br\/site\/index.php\/wp-json\/wp\/v2\/media?parent=183"}],"curies":[{"name":"wp","href":"https:\/\/api.w.org\/{rel}","templated":true}]}}