{"id":109,"date":"2016-05-11T13:39:49","date_gmt":"2016-05-11T13:39:49","guid":{"rendered":"http:\/\/www.fonaprace.andifes.org.br\/site\/?page_id=109"},"modified":"2019-08-20T17:43:15","modified_gmt":"2019-08-20T17:43:15","slug":"documentos","status":"publish","type":"page","link":"https:\/\/www.fonaprace.andifes.org.br\/site\/index.php\/documentos\/","title":{"rendered":"Documentos"},"content":{"rendered":"<p><a href=\"http:\/\/www.fonaprace.andifes.org.br\/site\/index.php\/certificados\/\">Certificados<\/a><\/p>\n<p><a href=\"https:\/\/drive.google.com\/file\/d\/0B6klljm4lUyJNVQzVU5oRHltNW8\/view?usp=sharing\" target=\"_blank\" rel=\"noopener\">Regimento do Fonaprace<\/a><\/p>\n<p><a href=\"https:\/\/drive.google.com\/file\/d\/0B6klljm4lUyJcU5SdHdrcmpMemc\/view?usp=sharing\" target=\"_blank\" rel=\"noopener\">Pol\u00edtica Nacional de Assist\u00eancia Estudantil<\/a><\/p>\n<p><a href=\"https:\/\/drive.google.com\/file\/d\/0B6klljm4lUyJaWVOSlZreE5mamM\/view?usp=sharing\" target=\"_blank\" rel=\"noopener\">Revista de comemora\u00e7\u00e3o dos 25 anos do FONAPRACE<\/a><\/p>\n<p><a href=\"http:\/\/www.fonaprace.andifes.org.br\/site\/index.php\/documentos\/oficio\/\">Of\u00edcios<\/a><\/p>\n<p><a href=\"http:\/\/www.fonaprace.andifes.org.br\/site\/index.php\/pesquisas\/\">Pesquisas<\/a><\/p>\n<p><a href=\"http:\/\/www.fonaprace.andifes.org.br\/site\/index.php\/documentos\/perfil-socioeconomico\/\">Assist\u00eancia Estudantil<\/a><\/p>\n<p><a href=\"http:\/\/www.fonaprace.andifes.org.br\/site\/index.php\/foruns\/\">F\u00f3runs<\/a><\/p>\n<p><a href=\"http:\/\/www.fonaprace.andifes.org.br\/site\/index.php\/documentos\/convocacoes\/\">Convoca\u00e7\u00f5es<\/a><\/p>\n<p>&nbsp;<\/p>\n","protected":false},"excerpt":{"rendered":"<p>Certificados Regimento do Fonaprace Pol\u00edtica Nacional de Assist\u00eancia Estudantil Revista de comemora\u00e7\u00e3o dos 25 anos do FONAPRACE Of\u00edcios Pesquisas Assist\u00eancia Estudantil F\u00f3runs Convoca\u00e7\u00f5es &nbsp;<\/p>\n","protected":false},"author":1,"featured_media":0,"parent":0,"menu_order":0,"comment_status":"closed","ping_status":"closed","template":"","meta":{"footnotes":""},"class_list":["post-109","page","type-page","status-publish","hentry"],"_links":{"self":[{"href":"https:\/\/www.fonaprace.andifes.org.br\/site\/index.php\/wp-json\/wp\/v2\/pages\/109","targetHints":{"allow":["GET"]}}],"collection":[{"href":"https:\/\/www.fonaprace.andifes.org.br\/site\/index.php\/wp-json\/wp\/v2\/pages"}],"about":[{"href":"https:\/\/www.fonaprace.andifes.org.br\/site\/index.php\/wp-json\/wp\/v2\/types\/page"}],"author":[{"embeddable":true,"href":"https:\/\/www.fonaprace.andifes.org.br\/site\/index.php\/wp-json\/wp\/v2\/users\/1"}],"replies":[{"embeddable":true,"href":"https:\/\/www.fonaprace.andifes.org.br\/site\/index.php\/wp-json\/wp\/v2\/comments?post=109"}],"version-history":[{"count":25,"href":"https:\/\/www.fonaprace.andifes.org.br\/site\/index.php\/wp-json\/wp\/v2\/pages\/109\/revisions"}],"predecessor-version":[{"id":663,"href":"https:\/\/www.fonaprace.andifes.org.br\/site\/index.php\/wp-json\/wp\/v2\/pages\/109\/revisions\/663"}],"wp:attachment":[{"href":"https:\/\/www.fonaprace.andifes.org.br\/site\/index.php\/wp-json\/wp\/v2\/media?parent=109"}],"curies":[{"name":"wp","href":"https:\/\/api.w.org\/{rel}","templated":true}]}}