{"id":106,"date":"2016-05-11T13:39:34","date_gmt":"2016-05-11T13:39:34","guid":{"rendered":"http:\/\/www.fonaprace.andifes.org.br\/site\/?page_id=106"},"modified":"2025-07-29T23:07:38","modified_gmt":"2025-07-29T23:07:38","slug":"sobre","status":"publish","type":"page","link":"https:\/\/www.fonaprace.andifes.org.br\/site\/index.php\/sobre\/","title":{"rendered":"Sobre"},"content":{"rendered":"<h1 class=\"entry-title\"><\/h1>\n<p>Criado em outubro de 1987, o FONAPRACE (F\u00f3rum Nacional de Pr\u00f3-Reitores de Assuntos Comunit\u00e1rios e Estudantis) congrega os pr\u00f3-reitores, sub-reitores, decanos ou respons\u00e1veis pelos assuntos comunit\u00e1rios e estudantis das institui\u00e7\u00f5es de ensino superior (IES) p\u00fablicas do Brasil.<\/p>\n<div class=\"entry-content\">\n<p>Tem por objetivos:<\/p>\n<p>\u2013 Formular pol\u00edticas e diretrizes b\u00e1sicas que permitam a articula\u00e7\u00e3o e o fornecimento das a\u00e7\u00f5es comuns na \u00e1rea de assuntos comunit\u00e1rios e estudantis, em n\u00edvel regional e nacional;<br \/>\n\u2013 Assessorar permanentemente a Andifes;<br \/>\n\u2013 Participar ativamente na defesa da educa\u00e7\u00e3o p\u00fablica, gratuita, com qualidade acad\u00eamica e cient\u00edfica, e comprometida com a sociedade que a mant\u00e9m;<br \/>\n\u2013 Promover e apoiar estudos e pesquisas na \u00e1rea de sua compet\u00eancia, realizar congressos, confer\u00eancias, semin\u00e1rios e eventos assemelhados.<\/p>\n<p>A<strong> Coordena\u00e7\u00e3o Nacional, gest\u00e3o 2024-2025<\/strong>, \u00e9 composta por:<br \/>\n\u2022 Bruno dos Santos Lindemayer \u2013 PRODAE\/UNIPAMPA \u2013 Representando a regional Sul<br \/>\n\u2022 Fabiano Coelho \u2013 PROAE\/UFGD \u2013 Representando a regional Centro Oeste<br \/>\n\u2022 Juliana Arruda \u2013 PROAES\/UFRRJ \u2013 Representando a regional Sudeste<br \/>\n\u2022 Karime Rita de Souza Bentes \u2013 PROAE\/UFAM \u2013 Representando a regional Norte<br \/>\n\u2022 Sandro Augusto Silva Ferreira \u2013 PROAF\/UFSB &#8211; Representando a regional Nordeste<br \/>\nAs <strong>Coordena\u00e7\u00f5es Regionais, gest\u00e3o 2024-2025<\/strong>, passam a ter as seguintes composi\u00e7\u00f5es:<br \/>\n<strong>Regional Centro-Oeste:<\/strong><br \/>\n\u2022 Jordana Alves de Aguiar \u2013 PRPE\/UFCAT &#8211; Coordenadora<br \/>\n\u2022 Eva Aparecida de Oliveira \u2013 PRAE\/UFJ \u2013 Vice-Coordenadora<br \/>\n<strong>Regional Norte:<\/strong><br \/>\n\u2022 Luamim Sales Tapaj\u00f3s \u2013 PROGES\/UFOPA &#8211; Coordenador<br \/>\n\u2022 Daniel Delani \u2013 PROCEA\/UNIR \u2013 Vice-Coordenador<br \/>\n<strong>Regional Nordeste:<\/strong><br \/>\n\u2022 Clebio Pereira Ferreira \u2013 PROAE\/UNIVASF &#8211; Coordenador<br \/>\n\u2022 Joselya Claudino de Ara\u00fajo Vieira \u2013 PRAE\/UFAPE \u2013 Vice-Coordenadora<br \/>\n<strong>Regional Sudeste:<\/strong><br \/>\n\u2022 Lic\u00ednia Maria Correia \u2013 PRAE\/UFMG \u2013 Coordenadora<br \/>\n\u2022 Ciro Andrade da Silva \u2013 PROACE\/UFVJM \u2013 Vice-Coordenador<br \/>\n<strong>Regional Sul:<\/strong><br \/>\n\u2022 Ana Paula Oliveira Silva de Fernandez \u2013 PRAE\/UNILA \u2013 Coordenadora<br \/>\n\u2022 Cl\u00f3vis Alencar Butzge \u2013 PROAE\/UFFS \u2013 Vice-Coordenador<\/p>\n<\/div>\n","protected":false},"excerpt":{"rendered":"<p>Criado em outubro de 1987, o FONAPRACE (F\u00f3rum Nacional de Pr\u00f3-Reitores de Assuntos Comunit\u00e1rios e Estudantis) congrega os pr\u00f3-reitores, sub-reitores, decanos ou respons\u00e1veis pelos assuntos comunit\u00e1rios e estudantis das institui\u00e7\u00f5es de ensino superior (IES) p\u00fablicas do Brasil. Tem por objetivos: \u2013 Formular pol\u00edticas e diretrizes b\u00e1sicas que permitam a articula\u00e7\u00e3o e o fornecimento das a\u00e7\u00f5es [&hellip;]<\/p>\n","protected":false},"author":1,"featured_media":0,"parent":0,"menu_order":0,"comment_status":"closed","ping_status":"closed","template":"","meta":{"footnotes":""},"class_list":["post-106","page","type-page","status-publish","hentry"],"_links":{"self":[{"href":"https:\/\/www.fonaprace.andifes.org.br\/site\/index.php\/wp-json\/wp\/v2\/pages\/106","targetHints":{"allow":["GET"]}}],"collection":[{"href":"https:\/\/www.fonaprace.andifes.org.br\/site\/index.php\/wp-json\/wp\/v2\/pages"}],"about":[{"href":"https:\/\/www.fonaprace.andifes.org.br\/site\/index.php\/wp-json\/wp\/v2\/types\/page"}],"author":[{"embeddable":true,"href":"https:\/\/www.fonaprace.andifes.org.br\/site\/index.php\/wp-json\/wp\/v2\/users\/1"}],"replies":[{"embeddable":true,"href":"https:\/\/www.fonaprace.andifes.org.br\/site\/index.php\/wp-json\/wp\/v2\/comments?post=106"}],"version-history":[{"count":14,"href":"https:\/\/www.fonaprace.andifes.org.br\/site\/index.php\/wp-json\/wp\/v2\/pages\/106\/revisions"}],"predecessor-version":[{"id":798,"href":"https:\/\/www.fonaprace.andifes.org.br\/site\/index.php\/wp-json\/wp\/v2\/pages\/106\/revisions\/798"}],"wp:attachment":[{"href":"https:\/\/www.fonaprace.andifes.org.br\/site\/index.php\/wp-json\/wp\/v2\/media?parent=106"}],"curies":[{"name":"wp","href":"https:\/\/api.w.org\/{rel}","templated":true}]}}