{"id":352,"date":"2016-11-17T14:37:19","date_gmt":"2016-11-17T14:37:19","guid":{"rendered":"http:\/\/www.fonaprace.andifes.org.br\/site\/?page_id=352"},"modified":"2025-08-25T14:22:21","modified_gmt":"2025-08-25T14:22:21","slug":"pesquisas","status":"publish","type":"page","link":"https:\/\/www.fonaprace.andifes.org.br\/index.php\/pesquisas\/","title":{"rendered":"Pesquisas de Perfil"},"content":{"rendered":"<p><a href=\"https:\/\/www.andifes.org.br\/wp-content\/uploads\/2019\/05\/V-Pesquisa-Nacional-de-Perfil-Socioeconomico-e-Cultural-dos-as-Graduandos-as-das-IFES-2018.pdf\" target=\"_blank\" rel=\"noopener noreferrer\">V Pesquisa do perfil socioecon\u00f4mico e cultural dos estudantes de gradua\u00e7\u00e3o<\/a><\/p>\n<p><a href=\"http:\/\/www.fonaprace.andifes.org.br\/site\/wp-content\/uploads\/2016\/05\/DIAGRAMACAO-perfil2016.pdf\" rel=\"\">IV Pesquisa do perfil socioecon\u00f4mico e cultural dos estudantes de gradua\u00e7\u00e3o<\/a><\/p>\n<p><a href=\"http:\/\/www.fonaprace.andifes.org.br\/site\/wp-content\/uploads\/2025\/08\/III-Pesquisa-Nacional-de-Perfil-Socioeconomico-e-Cultural-dos_as-Graduandos_as-das-IFES-2011_compressed.pdf\" target=\"_blank\" rel=\"noopener noreferrer\">III Pesquisa do perfil socioecon\u00f4mico e cultural dos estudantes de gradua\u00e7\u00e3o<\/a><\/p>\n<p><a href=\"http:\/\/www.fonaprace.andifes.org.br\/site\/wp-content\/uploads\/2025\/08\/II-Pesquisa-Nacional-de-Perfil-Socioeconomico-e-Cultural-dos_as-Graduandos_as-das-IFES-2004_compressed.pdf\" target=\"_blank\" rel=\"noopener noreferrer\">II Pesquisa do perfil socioecon\u00f4mico e cultural dos estudantes de gradua\u00e7\u00e3o<\/a><\/p>\n<p><a href=\"http:\/\/www.fonaprace.andifes.org.br\/site\/wp-content\/uploads\/2025\/08\/I-Pesquisa-Nacional-de-Perfil-Socioeconomico-e-Cultural-dos_as-Graduandos_as-das-IFES-1996-1.pdf\" target=\"_blank\" rel=\"noopener noreferrer\">I Pesquisa do perfil socioecon\u00f4mico e cultural dos estudantes de gradua\u00e7\u00e3o<\/a><\/p>\n","protected":false},"excerpt":{"rendered":"<p>V Pesquisa do perfil socioecon\u00f4mico e cultural dos estudantes de gradua\u00e7\u00e3o IV Pesquisa do perfil socioecon\u00f4mico e cultural dos estudantes de gradua\u00e7\u00e3o III Pesquisa do perfil socioecon\u00f4mico e cultural dos estudantes de gradua\u00e7\u00e3o II Pesquisa do perfil socioecon\u00f4mico e cultural dos estudantes de gradua\u00e7\u00e3o I Pesquisa do perfil socioecon\u00f4mico e cultural dos estudantes de gradua\u00e7\u00e3o<\/p>\n","protected":false},"author":1,"featured_media":0,"parent":0,"menu_order":0,"comment_status":"closed","ping_status":"closed","template":"","meta":{"footnotes":""},"class_list":["post-352","page","type-page","status-publish","hentry"],"_links":{"self":[{"href":"https:\/\/www.fonaprace.andifes.org.br\/index.php\/wp-json\/wp\/v2\/pages\/352","targetHints":{"allow":["GET"]}}],"collection":[{"href":"https:\/\/www.fonaprace.andifes.org.br\/index.php\/wp-json\/wp\/v2\/pages"}],"about":[{"href":"https:\/\/www.fonaprace.andifes.org.br\/index.php\/wp-json\/wp\/v2\/types\/page"}],"author":[{"embeddable":true,"href":"https:\/\/www.fonaprace.andifes.org.br\/index.php\/wp-json\/wp\/v2\/users\/1"}],"replies":[{"embeddable":true,"href":"https:\/\/www.fonaprace.andifes.org.br\/index.php\/wp-json\/wp\/v2\/comments?post=352"}],"version-history":[{"count":10,"href":"https:\/\/www.fonaprace.andifes.org.br\/index.php\/wp-json\/wp\/v2\/pages\/352\/revisions"}],"predecessor-version":[{"id":855,"href":"https:\/\/www.fonaprace.andifes.org.br\/index.php\/wp-json\/wp\/v2\/pages\/352\/revisions\/855"}],"wp:attachment":[{"href":"https:\/\/www.fonaprace.andifes.org.br\/index.php\/wp-json\/wp\/v2\/media?parent=352"}],"curies":[{"name":"wp","href":"https:\/\/api.w.org\/{rel}","templated":true}]}}